{"id":1676,"date":"2023-09-05T14:36:35","date_gmt":"2023-09-05T12:36:35","guid":{"rendered":"https:\/\/agromont.es\/actividad\/agricultura\/"},"modified":"2023-09-06T13:09:18","modified_gmt":"2023-09-06T11:09:18","slug":"agricultura","status":"publish","type":"page","link":"https:\/\/agromont.es\/es\/actividad\/agricultura\/","title":{"rendered":"Agricultura"},"content":{"rendered":"<p><div class=\"fusion-fullwidth fullwidth-box fusion-builder-row-1 fusion-flex-container has-pattern-background has-mask-background fusion-parallax-none hundred-percent-fullwidth non-hundred-percent-height-scrolling lazyload\" style=\"--awb-border-radius-top-left:0px;--awb-border-radius-top-right:0px;--awb-border-radius-bottom-right:0px;--awb-border-radius-bottom-left:0px;--awb-padding-right:0px;--awb-padding-left:0px;--awb-margin-bottom:0px;--awb-background-color:var(--awb-color2);--awb-background-size:cover;--awb-flex-wrap:wrap;\" data-bg=\"https:\/\/agromont.es\/wp-content\/uploads\/2023\/02\/hero-graphic-2.svg\" ><div class=\"fusion-builder-row fusion-row fusion-flex-align-items-stretch fusion-flex-content-wrap\" style=\"width:calc( 100% + 0px ) !important;max-width:calc( 100% + 0px ) !important;margin-left: calc(-0px \/ 2 );margin-right: calc(-0px \/ 2 );\"><div class=\"fusion-layout-column fusion_builder_column fusion-builder-column-0 fusion-flex-column fusion-animated\" style=\"--awb-padding-top:110px;--awb-padding-right:110px;--awb-padding-bottom:110px;--awb-padding-left:20%;--awb-padding-top-medium:75px;--awb-padding-right-medium:0px;--awb-padding-bottom-medium:75px;--awb-padding-left-medium:0px;--awb-padding-top-small:60px;--awb-padding-right-small:60px;--awb-padding-bottom-small:60px;--awb-padding-left-small:60px;--awb-bg-size:cover;--awb-border-color:hsla(var(--awb-color2-h),calc(var(--awb-color2-s) - 30%),calc(var(--awb-color2-l) - 10%),var(--awb-color2-a));--awb-border-top:1px;--awb-border-style:solid;--awb-width-large:45%;--awb-margin-top-large:0px;--awb-spacing-right-large:0;--awb-margin-bottom-large:0px;--awb-spacing-left-large:0;--awb-width-medium:100%;--awb-order-medium:0;--awb-spacing-right-medium:0;--awb-spacing-left-medium:0;--awb-width-small:100%;--awb-order-small:0;--awb-spacing-right-small:0;--awb-spacing-left-small:0;\" data-animationType=\"fadeInUp\" data-animationDuration=\"1.5\" data-animationOffset=\"top-into-view\"><div class=\"fusion-column-wrapper fusion-column-has-shadow fusion-flex-justify-content-flex-start fusion-content-layout-column\"><div class=\"fusion-text fusion-text-1 md-text-align-center sm-text-align-center fusion-animated\" style=\"--awb-font-size:var(--awb-typography2-font-size);--awb-line-height:var(--awb-typography2-line-height);--awb-letter-spacing:var(--awb-typography2-letter-spacing);--awb-text-transform:var(--awb-typography2-text-transform);--awb-text-color:var(--awb-color7);--awb-text-font-family:var(--awb-typography2-font-family);--awb-text-font-weight:var(--awb-typography2-font-weight);--awb-text-font-style:var(--awb-typography2-font-style);\" data-animationType=\"fadeInLeft\" data-animationDuration=\"2.0\" data-animationOffset=\"top-into-view\"><p>Actividad<\/p>\n<\/div><div class=\"fusion-title title fusion-title-1 fusion-sep-none fusion-title-text fusion-title-size-one fusion-animated\" style=\"--awb-margin-bottom:25px;--awb-margin-top-small:0px;\" data-animationType=\"fadeInLeft\" data-animationDuration=\"2.0\" data-animationOffset=\"top-into-view\"><h1 class=\"fusion-title-heading title-heading-left md-text-align-center sm-text-align-center\" style=\"margin:0;\">Calidad Agr\u00edcola<\/h1><\/div><div class=\"fusion-text fusion-text-2 md-text-align-center sm-text-align-center fusion-animated fusion-text-no-margin\" style=\"--awb-margin-bottom:40px;\" data-animationType=\"fadeInLeft\" data-animationDuration=\"2.0\" data-animationOffset=\"top-into-view\"><p>Realizamos la <strong>siembra de diferentes variedades agr\u00edcolas<\/strong> en nuestras tierras para poder ofrecer alimento de gran calidad garantizada a nuestros animales.<\/p>\n<\/div><\/div><\/div><div class=\"fusion-layout-column fusion_builder_column fusion-builder-column-1 fusion-flex-column fusion-no-small-visibility fusion-animated\" style=\"--awb-bg-position:center center;--awb-bg-size:cover;--awb-width-large:55%;--awb-margin-top-large:0px;--awb-spacing-right-large:0;--awb-margin-bottom-large:0px;--awb-spacing-left-large:0;--awb-width-medium:100%;--awb-order-medium:1;--awb-spacing-right-medium:0;--awb-spacing-left-medium:0;--awb-width-small:100%;--awb-order-small:1;--awb-spacing-right-small:0;--awb-spacing-left-small:0;\" data-animationType=\"fadeInRight\" data-animationDuration=\"1.5\" data-animationOffset=\"top-into-view\"><div class=\"fusion-column-wrapper lazyload fusion-column-has-shadow fusion-flex-justify-content-flex-end fusion-content-layout-column fusion-column-has-bg-image\" data-bg-url=\"https:\/\/agromont.es\/wp-content\/uploads\/2023\/09\/paz-arando-zwZusrYAGoM-unsplash-scaled.jpg\" data-bg=\"https:\/\/agromont.es\/wp-content\/uploads\/2023\/09\/paz-arando-zwZusrYAGoM-unsplash-scaled.jpg\"><div class=\"fusion-separator fusion-no-large-visibility fusion-full-width-sep\" style=\"align-self: center;margin-left: auto;margin-right: auto;margin-bottom:12vw;width:100%;\"><\/div><div class=\"fusion-separator fusion-no-large-visibility fusion-full-width-sep\" style=\"align-self: center;margin-left: auto;margin-right: auto;margin-top:18vw;width:100%;\"><\/div><\/div><\/div><\/div><\/div><div class=\"fusion-fullwidth fullwidth-box fusion-builder-row-2 fusion-flex-container has-pattern-background has-mask-background nonhundred-percent-fullwidth non-hundred-percent-height-scrolling\" style=\"--awb-border-radius-top-left:0px;--awb-border-radius-top-right:0px;--awb-border-radius-bottom-right:0px;--awb-border-radius-bottom-left:0px;--awb-padding-top:89px;--awb-padding-bottom:56px;--awb-margin-bottom:0px;--awb-margin-bottom-medium:75px;--awb-margin-bottom-small:40px;--awb-flex-wrap:wrap;\" ><div class=\"fusion-builder-row fusion-row fusion-flex-align-items-center fusion-flex-justify-content-center fusion-flex-content-wrap\" style=\"max-width:1414.4px;margin-left: calc(-4% \/ 2 );margin-right: calc(-4% \/ 2 );\"><div class=\"fusion-layout-column fusion_builder_column fusion-builder-column-2 fusion_builder_column_3_4 3_4 fusion-flex-column fusion-animated\" style=\"--awb-bg-size:cover;--awb-width-large:75%;--awb-margin-top-large:0px;--awb-spacing-right-large:2.56%;--awb-margin-bottom-large:50px;--awb-spacing-left-large:2.56%;--awb-width-medium:75%;--awb-order-medium:0;--awb-spacing-right-medium:2.56%;--awb-spacing-left-medium:2.56%;--awb-width-small:100%;--awb-order-small:0;--awb-spacing-right-small:1.92%;--awb-spacing-left-small:1.92%;\" data-animationType=\"fadeInUp\" data-animationDuration=\"1.5\" data-animationOffset=\"top-into-view\"><div class=\"fusion-column-wrapper fusion-column-has-shadow fusion-flex-justify-content-flex-start fusion-content-layout-column\"><div class=\"fusion-title title fusion-title-2 fusion-no-small-visibility fusion-sep-none fusion-title-center fusion-title-text fusion-title-size-two\" style=\"--awb-text-color:rgba(255,152,53,0.1);--awb-margin-top:0px;--awb-margin-top-small:0px;--awb-font-size:70px;\"><h2 class=\"fusion-title-heading title-heading-center\" style=\"margin:0;font-size:1em;\"><em>AGRICULTURA<\/em><\/h2><\/div><div class=\"fusion-title title fusion-title-3 fusion-no-medium-visibility fusion-no-large-visibility fusion-sep-none fusion-title-center fusion-title-text fusion-title-size-two\" style=\"--awb-text-color:rgba(255,152,53,0.1);--awb-margin-top:0px;--awb-margin-top-small:0px;--awb-font-size:75px;\"><h2 class=\"fusion-title-heading title-heading-center\" style=\"margin:0;font-size:1em;\"><em>AGRICULTURA<\/em><\/h2><\/div><div class=\"fusion-title title fusion-title-4 fusion-sep-none fusion-title-center fusion-title-text fusion-title-size-two\" style=\"--awb-margin-top:-65px;--awb-margin-top-small:-55px;--awb-font-size:50px;\"><h2 class=\"fusion-title-heading title-heading-center\" style=\"margin:0;font-size:1em;\">AGRICULTURA<\/h2><\/div><\/div><\/div><div class=\"fusion-layout-column fusion_builder_column fusion-builder-column-3 fusion-flex-column fusion-animated\" style=\"--awb-bg-size:cover;--awb-width-large:45%;--awb-margin-top-large:0px;--awb-spacing-right-large:4.2666666666667%;--awb-margin-bottom-large:0px;--awb-spacing-left-large:4.2666666666667%;--awb-width-medium:50%;--awb-order-medium:0;--awb-spacing-right-medium:0;--awb-spacing-left-medium:3.84%;--awb-width-small:100%;--awb-order-small:0;--awb-spacing-right-small:1.92%;--awb-spacing-left-small:1.92%;\" data-animationType=\"fadeInLeft\" data-animationDuration=\"1.5\" data-animationOffset=\"top-into-view\"><div class=\"fusion-column-wrapper fusion-column-has-shadow fusion-flex-justify-content-flex-start fusion-content-layout-column\"><div class=\"fusion-text fusion-text-3 sm-text-align-center fusion-animated fusion-text-no-margin\" style=\"--awb-font-size:16px;--awb-margin-bottom:60px;\" data-animationType=\"fadeInLeft\" data-animationDuration=\"2.0\" data-animationOffset=\"top-into-view\"><p>Adem\u00e1s de ser una empresa l\u00edder en la cr\u00eda y engorde de animales, queremos compartir con vosotros la nuestra <b>pasi\u00f3n por la agricultura<\/b> y nuestra misi\u00f3n en la <b>producci\u00f3n de alimentos de calidad.<\/b> Esto nos ha llevado a diversificar nuestras actividades para incluir el cultivo de distintas variedades agr\u00edcolas en nuestras tierras. Esta pr\u00e1ctica no s\u00f3lo nos ha dado un mayor control sobre el origen y la calidad de los alimentos que consumen nuestros animales, sino que tambi\u00e9n nos ha convertido en fervientes defensores de la <b>sostenibilidad<\/b> y la <b>producci\u00f3n responsable.<\/b><\/p>\n<p>Nuestra <b>visi\u00f3n<\/b> es clara: <b>ofrecer a nuestros clientes productos de la m\u00e1xima calidad<\/b> con una total transparencia sobre el origen de los alimentos que producimos.<\/p>\n<p>Nuestra <b>pasi\u00f3n<\/b> por la mejora continua es el motor que impulsa todos los aspectos de nuestro negocio. Desde la selecci\u00f3n de las mejores especias para la cr\u00eda hasta las t\u00e9cnicas agr\u00edcolas m\u00e1s avanzadas para el cultivo de variedades agr\u00edcolas, estamos comprometidos a superar las expectativas de nuestros clientes ya proporcionar los mejores productos posibles.<\/p>\n<p>Nuestro <b>compromiso con la sostenibilidad, el respeto por la tierra y los animales y la producci\u00f3n responsable<\/b> son valores que impregnamos en cada aspecto de nuestro negocio. <b><br \/>\n<\/b><\/p>\n<\/div><\/div><\/div><div class=\"fusion-layout-column fusion_builder_column fusion-builder-column-4 fusion-flex-column\" style=\"--awb-padding-top-small:60px;--awb-bg-size:cover;--awb-transform:scaleX(1.30) scaleY(1.30) translateX(-40px) translateY(-20px);--awb-transform-hover:scaleX(1.30) scaleY(1.30) translateX(-40px) translateY(-20px);--awb-width-large:55%;--awb-margin-top-large:0px;--awb-spacing-right-large:3.4909090909091%;--awb-margin-bottom-large:20px;--awb-spacing-left-large:3.4909090909091%;--awb-width-medium:50%;--awb-order-medium:0;--awb-spacing-right-medium:3.84%;--awb-spacing-left-medium:3.84%;--awb-width-small:100%;--awb-order-small:0;--awb-spacing-right-small:1.92%;--awb-spacing-left-small:1.92%;\"><div class=\"fusion-column-wrapper fusion-column-has-shadow fusion-flex-justify-content-flex-start fusion-content-layout-column\"><div class=\"fusion-builder-row fusion-builder-row-inner fusion-row fusion-flex-align-items-center fusion-flex-justify-content-center fusion-flex-content-wrap\" style=\"width:104% !important;max-width:104% !important;margin-left: calc(-4% \/ 2 );margin-right: calc(-4% \/ 2 );\"><div class=\"fusion-layout-column fusion_builder_column_inner fusion-builder-nested-column-0 fusion_builder_column_inner_1_2 1_2 fusion-flex-column fusion-animated\" style=\"--awb-z-index:999;--awb-bg-size:cover;--awb-transform:translateX(160px) translateY(60px);--awb-transform-hover:translateX(160px) translateY(60px);--awb-width-large:50%;--awb-margin-top-large:0px;--awb-spacing-right-large:3.84%;--awb-margin-bottom-large:0px;--awb-spacing-left-large:3.84%;--awb-width-medium:50%;--awb-order-medium:0;--awb-spacing-right-medium:3.84%;--awb-spacing-left-medium:3.84%;--awb-width-small:50%;--awb-order-small:0;--awb-spacing-right-small:3.84%;--awb-spacing-left-small:3.84%;\" data-animationType=\"fadeInUp\" data-animationDuration=\"1.5\" data-animationOffset=\"top-into-view\"><div class=\"fusion-column-wrapper fusion-column-has-shadow fusion-flex-justify-content-flex-start fusion-content-layout-column\"><div class=\"fusion-image-element \" style=\"--awb-caption-title-font-family:var(--h2_typography-font-family);--awb-caption-title-font-weight:var(--h2_typography-font-weight);--awb-caption-title-font-style:var(--h2_typography-font-style);--awb-caption-title-size:var(--h2_typography-font-size);--awb-caption-title-transform:var(--h2_typography-text-transform);--awb-caption-title-line-height:var(--h2_typography-line-height);--awb-caption-title-letter-spacing:var(--h2_typography-letter-spacing);\"><span class=\" fusion-imageframe imageframe-none imageframe-1 hover-type-none fusion-animated\" style=\"border:10px solid var(--awb-color1);border-radius:5px;\" data-animationType=\"fadeInDown\" data-animationDuration=\"2.0\" data-animationOffset=\"top-into-view\"><img decoding=\"async\" width=\"1333\" height=\"1999\" title=\"Camp_blat_Agropecuaria_Montgai\" src=\"https:\/\/agromont.es\/wp-content\/uploads\/2023\/09\/Camp_blat_Agropecuaria_Montgai.jpg\" data-orig-src=\"https:\/\/agromont.es\/wp-content\/uploads\/2023\/09\/Camp_blat_Agropecuaria_Montgai.jpg\" alt class=\"lazyload img-responsive wp-image-1608\" srcset=\"data:image\/svg+xml,%3Csvg%20xmlns%3D%27http%3A%2F%2Fwww.w3.org%2F2000%2Fsvg%27%20width%3D%271333%27%20height%3D%271999%27%20viewBox%3D%270%200%201333%201999%27%3E%3Crect%20width%3D%271333%27%20height%3D%271999%27%20fill-opacity%3D%220%22%2F%3E%3C%2Fsvg%3E\" data-srcset=\"https:\/\/agromont.es\/wp-content\/uploads\/2023\/09\/Camp_blat_Agropecuaria_Montgai-200x300.jpg 200w, https:\/\/agromont.es\/wp-content\/uploads\/2023\/09\/Camp_blat_Agropecuaria_Montgai-400x600.jpg 400w, https:\/\/agromont.es\/wp-content\/uploads\/2023\/09\/Camp_blat_Agropecuaria_Montgai-600x900.jpg 600w, https:\/\/agromont.es\/wp-content\/uploads\/2023\/09\/Camp_blat_Agropecuaria_Montgai-800x1200.jpg 800w, https:\/\/agromont.es\/wp-content\/uploads\/2023\/09\/Camp_blat_Agropecuaria_Montgai-1200x1800.jpg 1200w, https:\/\/agromont.es\/wp-content\/uploads\/2023\/09\/Camp_blat_Agropecuaria_Montgai.jpg 1333w\" data-sizes=\"auto\" data-orig-sizes=\"(max-width: 640px) 100vw, 800px\" \/><\/span><\/div><\/div><\/div><div class=\"fusion-layout-column fusion_builder_column_inner fusion-builder-nested-column-1 fusion_builder_column_inner_1_2 1_2 fusion-flex-column fusion-animated\" style=\"--awb-z-index:2;--awb-bg-size:cover;--awb-transform:translateX(-40px);--awb-transform-hover:translateX(-40px);--awb-width-large:50%;--awb-margin-top-large:0px;--awb-spacing-right-large:3.84%;--awb-margin-bottom-large:0px;--awb-spacing-left-large:3.84%;--awb-width-medium:50%;--awb-order-medium:0;--awb-spacing-right-medium:3.84%;--awb-spacing-left-medium:3.84%;--awb-width-small:50%;--awb-order-small:0;--awb-spacing-right-small:3.84%;--awb-spacing-left-small:3.84%;\" data-animationType=\"fadeInDown\" data-animationDuration=\"1.5\" data-animationOffset=\"top-into-view\"><div class=\"fusion-column-wrapper fusion-column-has-shadow fusion-flex-justify-content-flex-start fusion-content-layout-column\"><div class=\"fusion-image-element \" style=\"--awb-caption-title-font-family:var(--h2_typography-font-family);--awb-caption-title-font-weight:var(--h2_typography-font-weight);--awb-caption-title-font-style:var(--h2_typography-font-style);--awb-caption-title-size:var(--h2_typography-font-size);--awb-caption-title-transform:var(--h2_typography-text-transform);--awb-caption-title-line-height:var(--h2_typography-line-height);--awb-caption-title-letter-spacing:var(--h2_typography-letter-spacing);\"><span class=\" fusion-imageframe imageframe-none imageframe-2 hover-type-none fusion-animated\" style=\"border-radius:5px;\" data-animationType=\"fadeInLeft\" data-animationDuration=\"2.0\" data-animationOffset=\"top-into-view\"><img decoding=\"async\" width=\"1707\" height=\"2560\" title=\"pieter-van-noorden-6x5aQNGr4rc-unsplash\" src=\"https:\/\/agromont.es\/wp-content\/uploads\/2023\/09\/pieter-van-noorden-6x5aQNGr4rc-unsplash-scaled.jpg\" data-orig-src=\"https:\/\/agromont.es\/wp-content\/uploads\/2023\/09\/pieter-van-noorden-6x5aQNGr4rc-unsplash-scaled.jpg\" alt class=\"lazyload img-responsive wp-image-1626\" srcset=\"data:image\/svg+xml,%3Csvg%20xmlns%3D%27http%3A%2F%2Fwww.w3.org%2F2000%2Fsvg%27%20width%3D%271707%27%20height%3D%272560%27%20viewBox%3D%270%200%201707%202560%27%3E%3Crect%20width%3D%271707%27%20height%3D%272560%27%20fill-opacity%3D%220%22%2F%3E%3C%2Fsvg%3E\" data-srcset=\"https:\/\/agromont.es\/wp-content\/uploads\/2023\/09\/pieter-van-noorden-6x5aQNGr4rc-unsplash-200x300.jpg 200w, https:\/\/agromont.es\/wp-content\/uploads\/2023\/09\/pieter-van-noorden-6x5aQNGr4rc-unsplash-400x600.jpg 400w, https:\/\/agromont.es\/wp-content\/uploads\/2023\/09\/pieter-van-noorden-6x5aQNGr4rc-unsplash-600x900.jpg 600w, https:\/\/agromont.es\/wp-content\/uploads\/2023\/09\/pieter-van-noorden-6x5aQNGr4rc-unsplash-800x1200.jpg 800w, https:\/\/agromont.es\/wp-content\/uploads\/2023\/09\/pieter-van-noorden-6x5aQNGr4rc-unsplash-1200x1800.jpg 1200w, https:\/\/agromont.es\/wp-content\/uploads\/2023\/09\/pieter-van-noorden-6x5aQNGr4rc-unsplash-scaled.jpg 1707w\" data-sizes=\"auto\" data-orig-sizes=\"(max-width: 640px) 100vw, 800px\" \/><\/span><\/div><\/div><\/div><\/div><\/div><\/div><\/div><\/div><\/p>\n","protected":false},"excerpt":{"rendered":"","protected":false},"author":1,"featured_media":0,"parent":1673,"menu_order":0,"comment_status":"closed","ping_status":"closed","template":"100-width.php","meta":{"footnotes":""},"class_list":["post-1676","page","type-page","status-publish","hentry"],"yoast_head":"<!-- This site is optimized with the Yoast SEO plugin v21.1 - https:\/\/yoast.com\/wordpress\/plugins\/seo\/ -->\n<title>Agricultura - Agropecuaria Montgai<\/title>\n<meta name=\"robots\" content=\"index, follow, max-snippet:-1, max-image-preview:large, max-video-preview:-1\" \/>\n<link rel=\"canonical\" href=\"https:\/\/agromont.es\/es\/actividad\/agricultura\/\" \/>\n<meta property=\"og:locale\" content=\"es_ES\" \/>\n<meta property=\"og:type\" content=\"article\" \/>\n<meta property=\"og:title\" content=\"Agricultura - Agropecuaria Montgai\" \/>\n<meta property=\"og:url\" content=\"https:\/\/agromont.es\/es\/actividad\/agricultura\/\" \/>\n<meta property=\"og:site_name\" content=\"Agropecuaria Montgai\" \/>\n<meta property=\"article:publisher\" content=\"https:\/\/www.facebook.com\/people\/Agropecuaria-Montgai-SL\/100068258735503\/\" \/>\n<meta property=\"article:modified_time\" content=\"2023-09-06T11:09:18+00:00\" \/>\n<meta name=\"twitter:card\" content=\"summary_large_image\" \/>\n<meta name=\"twitter:label1\" content=\"Tiempo de lectura\" \/>\n\t<meta name=\"twitter:data1\" content=\"17 minutos\" \/>\n<script type=\"application\/ld+json\" class=\"yoast-schema-graph\">{\"@context\":\"https:\/\/schema.org\",\"@graph\":[{\"@type\":\"WebPage\",\"@id\":\"https:\/\/agromont.es\/es\/actividad\/agricultura\/\",\"url\":\"https:\/\/agromont.es\/es\/actividad\/agricultura\/\",\"name\":\"Agricultura - Agropecuaria Montgai\",\"isPartOf\":{\"@id\":\"https:\/\/agromont.es\/es\/#website\"},\"datePublished\":\"2023-09-05T12:36:35+00:00\",\"dateModified\":\"2023-09-06T11:09:18+00:00\",\"breadcrumb\":{\"@id\":\"https:\/\/agromont.es\/es\/actividad\/agricultura\/#breadcrumb\"},\"inLanguage\":\"es\",\"potentialAction\":[{\"@type\":\"ReadAction\",\"target\":[\"https:\/\/agromont.es\/es\/actividad\/agricultura\/\"]}]},{\"@type\":\"BreadcrumbList\",\"@id\":\"https:\/\/agromont.es\/es\/actividad\/agricultura\/#breadcrumb\",\"itemListElement\":[{\"@type\":\"ListItem\",\"position\":1,\"name\":\"Portada\",\"item\":\"https:\/\/agromont.es\/es\/home\/\"},{\"@type\":\"ListItem\",\"position\":2,\"name\":\"Actividad\",\"item\":\"https:\/\/agromont.es\/es\/actividad\/\"},{\"@type\":\"ListItem\",\"position\":3,\"name\":\"Agricultura\"}]},{\"@type\":\"WebSite\",\"@id\":\"https:\/\/agromont.es\/es\/#website\",\"url\":\"https:\/\/agromont.es\/es\/\",\"name\":\"Agropecuaria Montgai\",\"description\":\"\",\"publisher\":{\"@id\":\"https:\/\/agromont.es\/es\/#organization\"},\"potentialAction\":[{\"@type\":\"SearchAction\",\"target\":{\"@type\":\"EntryPoint\",\"urlTemplate\":\"https:\/\/agromont.es\/es\/?s={search_term_string}\"},\"query-input\":\"required name=search_term_string\"}],\"inLanguage\":\"es\"},{\"@type\":\"Organization\",\"@id\":\"https:\/\/agromont.es\/es\/#organization\",\"name\":\"Agropecuaria Montgai\",\"url\":\"https:\/\/agromont.es\/es\/\",\"logo\":{\"@type\":\"ImageObject\",\"inLanguage\":\"es\",\"@id\":\"https:\/\/agromont.es\/es\/#\/schema\/logo\/image\/\",\"url\":\"https:\/\/agromont.es\/wp-content\/uploads\/2023\/09\/Logo_Agropecuaria_Montgai_retina.png\",\"contentUrl\":\"https:\/\/agromont.es\/wp-content\/uploads\/2023\/09\/Logo_Agropecuaria_Montgai_retina.png\",\"width\":2156,\"height\":2222,\"caption\":\"Agropecuaria Montgai\"},\"image\":{\"@id\":\"https:\/\/agromont.es\/es\/#\/schema\/logo\/image\/\"},\"sameAs\":[\"https:\/\/www.facebook.com\/people\/Agropecuaria-Montgai-SL\/100068258735503\/\"]}]}<\/script>\n<!-- \/ Yoast SEO plugin. -->","yoast_head_json":{"title":"Agricultura - Agropecuaria Montgai","robots":{"index":"index","follow":"follow","max-snippet":"max-snippet:-1","max-image-preview":"max-image-preview:large","max-video-preview":"max-video-preview:-1"},"canonical":"https:\/\/agromont.es\/es\/actividad\/agricultura\/","og_locale":"es_ES","og_type":"article","og_title":"Agricultura - Agropecuaria Montgai","og_url":"https:\/\/agromont.es\/es\/actividad\/agricultura\/","og_site_name":"Agropecuaria Montgai","article_publisher":"https:\/\/www.facebook.com\/people\/Agropecuaria-Montgai-SL\/100068258735503\/","article_modified_time":"2023-09-06T11:09:18+00:00","twitter_card":"summary_large_image","twitter_misc":{"Tiempo de lectura":"17 minutos"},"schema":{"@context":"https:\/\/schema.org","@graph":[{"@type":"WebPage","@id":"https:\/\/agromont.es\/es\/actividad\/agricultura\/","url":"https:\/\/agromont.es\/es\/actividad\/agricultura\/","name":"Agricultura - Agropecuaria Montgai","isPartOf":{"@id":"https:\/\/agromont.es\/es\/#website"},"datePublished":"2023-09-05T12:36:35+00:00","dateModified":"2023-09-06T11:09:18+00:00","breadcrumb":{"@id":"https:\/\/agromont.es\/es\/actividad\/agricultura\/#breadcrumb"},"inLanguage":"es","potentialAction":[{"@type":"ReadAction","target":["https:\/\/agromont.es\/es\/actividad\/agricultura\/"]}]},{"@type":"BreadcrumbList","@id":"https:\/\/agromont.es\/es\/actividad\/agricultura\/#breadcrumb","itemListElement":[{"@type":"ListItem","position":1,"name":"Portada","item":"https:\/\/agromont.es\/es\/home\/"},{"@type":"ListItem","position":2,"name":"Actividad","item":"https:\/\/agromont.es\/es\/actividad\/"},{"@type":"ListItem","position":3,"name":"Agricultura"}]},{"@type":"WebSite","@id":"https:\/\/agromont.es\/es\/#website","url":"https:\/\/agromont.es\/es\/","name":"Agropecuaria Montgai","description":"","publisher":{"@id":"https:\/\/agromont.es\/es\/#organization"},"potentialAction":[{"@type":"SearchAction","target":{"@type":"EntryPoint","urlTemplate":"https:\/\/agromont.es\/es\/?s={search_term_string}"},"query-input":"required name=search_term_string"}],"inLanguage":"es"},{"@type":"Organization","@id":"https:\/\/agromont.es\/es\/#organization","name":"Agropecuaria Montgai","url":"https:\/\/agromont.es\/es\/","logo":{"@type":"ImageObject","inLanguage":"es","@id":"https:\/\/agromont.es\/es\/#\/schema\/logo\/image\/","url":"https:\/\/agromont.es\/wp-content\/uploads\/2023\/09\/Logo_Agropecuaria_Montgai_retina.png","contentUrl":"https:\/\/agromont.es\/wp-content\/uploads\/2023\/09\/Logo_Agropecuaria_Montgai_retina.png","width":2156,"height":2222,"caption":"Agropecuaria Montgai"},"image":{"@id":"https:\/\/agromont.es\/es\/#\/schema\/logo\/image\/"},"sameAs":["https:\/\/www.facebook.com\/people\/Agropecuaria-Montgai-SL\/100068258735503\/"]}]}},"_links":{"self":[{"href":"https:\/\/agromont.es\/es\/wp-json\/wp\/v2\/pages\/1676","targetHints":{"allow":["GET"]}}],"collection":[{"href":"https:\/\/agromont.es\/es\/wp-json\/wp\/v2\/pages"}],"about":[{"href":"https:\/\/agromont.es\/es\/wp-json\/wp\/v2\/types\/page"}],"author":[{"embeddable":true,"href":"https:\/\/agromont.es\/es\/wp-json\/wp\/v2\/users\/1"}],"replies":[{"embeddable":true,"href":"https:\/\/agromont.es\/es\/wp-json\/wp\/v2\/comments?post=1676"}],"version-history":[{"count":3,"href":"https:\/\/agromont.es\/es\/wp-json\/wp\/v2\/pages\/1676\/revisions"}],"predecessor-version":[{"id":1679,"href":"https:\/\/agromont.es\/es\/wp-json\/wp\/v2\/pages\/1676\/revisions\/1679"}],"up":[{"embeddable":true,"href":"https:\/\/agromont.es\/es\/wp-json\/wp\/v2\/pages\/1673"}],"wp:attachment":[{"href":"https:\/\/agromont.es\/es\/wp-json\/wp\/v2\/media?parent=1676"}],"curies":[{"name":"wp","href":"https:\/\/api.w.org\/{rel}","templated":true}]}}